{"id":6243,"date":"2022-06-20T14:38:54","date_gmt":"2022-06-20T14:38:54","guid":{"rendered":"https:\/\/cuentaconloslacteos.eu\/faire-compter-les-produits-laitiers\/zero-gaspillage\/"},"modified":"2022-09-12T13:14:25","modified_gmt":"2022-09-12T13:14:25","slug":"zero-gaspillage","status":"publish","type":"page","link":"https:\/\/sostenibilidad.cuentaconloslacteos.eu\/fr\/faire-compter-les-produits-laitiers\/zero-gaspillage\/","title":{"rendered":"Z\u00e9ro gaspillage"},"content":{"rendered":"<p>[et_pb_section fb_built=\u00a0\u00bb1&Prime; custom_padding_last_edited=\u00a0\u00bboff|tablet\u00a0\u00bb next_background_color=\u00a0\u00bb#ffffff\u00a0\u00bb admin_label=\u00a0\u00bbNewsletter\u00a0\u00bb _builder_version=\u00a0\u00bb4.17.4&Prime; _module_preset=\u00a0\u00bbdefault\u00a0\u00bb background_color=\u00a0\u00bbrgba(234,234,234,0.45)\u00a0\u00bb background_enable_image=\u00a0\u00bboff\u00a0\u00bb parallax=\u00a0\u00bbon\u00a0\u00bb height=\u00a0\u00bb300px\u00a0\u00bb custom_margin=\u00a0\u00bb||||false|false\u00a0\u00bb custom_margin_tablet=\u00a0\u00bb0px||||false|false\u00a0\u00bb custom_margin_phone=\u00a0\u00bb0vw||||false|false\u00a0\u00bb custom_margin_last_edited=\u00a0\u00bbon|desktop\u00a0\u00bb custom_padding=\u00a0\u00bb||||false|false\u00a0\u00bb custom_padding_tablet=\u00a0\u00bb||||false|false\u00a0\u00bb top_divider_height=\u00a0\u00bb5vw\u00a0\u00bb top_divider_flip=\u00a0\u00bbvertical\u00a0\u00bb bottom_divider_style=\u00a0\u00bbwaves\u00a0\u00bb bottom_divider_height=\u00a0\u00bb4vw\u00a0\u00bb global_colors_info=\u00a0\u00bb{}\u00a0\u00bb][et_pb_row _builder_version=\u00a0\u00bb4.16&Prime; _module_preset=\u00a0\u00bbdefault\u00a0\u00bb global_colors_info=\u00a0\u00bb{}\u00a0\u00bb][et_pb_column type=\u00a0\u00bb4_4&Prime; _builder_version=\u00a0\u00bb4.16&Prime; _module_preset=\u00a0\u00bbdefault\u00a0\u00bb global_colors_info=\u00a0\u00bb{}\u00a0\u00bb][et_pb_text _builder_version=\u00a0\u00bb4.17.4&Prime; _module_preset=\u00a0\u00bbdefault\u00a0\u00bb header_font=\u00a0\u00bb|700|||||||\u00a0\u00bb header_text_color=\u00a0\u00bb#5488c7&Prime; header_font_size=\u00a0\u00bb48px\u00a0\u00bb width=\u00a0\u00bb60%\u00a0\u00bb module_alignment=\u00a0\u00bbcenter\u00a0\u00bb header_font_size_tablet=\u00a0\u00bb48px\u00a0\u00bb header_font_size_phone=\u00a0\u00bb20px\u00a0\u00bb header_font_size_last_edited=\u00a0\u00bbon|phone\u00a0\u00bb global_colors_info=\u00a0\u00bb{}\u00a0\u00bb]<\/p>\n<h1 style=\"text-align: center;\">\u00c9VITER LE GASPILLAGE ALIMENTAIRE \u00c7A COMPTE<\/h1>\n<p>[\/et_pb_text][\/et_pb_column][\/et_pb_row][\/et_pb_section][et_pb_section fb_built=\u00a0\u00bb1&Prime; _builder_version=\u00a0\u00bb4.17.4&Prime; _module_preset=\u00a0\u00bbdefault\u00a0\u00bb custom_margin=\u00a0\u00bb||||false|false\u00a0\u00bb global_colors_info=\u00a0\u00bb{}\u00a0\u00bb][et_pb_row _builder_version=\u00a0\u00bb4.17.4&Prime; _module_preset=\u00a0\u00bbdefault\u00a0\u00bb custom_margin=\u00a0\u00bb-180px||||false|false\u00a0\u00bb custom_margin_tablet=\u00a0\u00bb-180px||||false|false\u00a0\u00bb custom_margin_phone=\u00a0\u00bb-223px||||false|false\u00a0\u00bb custom_margin_last_edited=\u00a0\u00bbon|phone\u00a0\u00bb global_colors_info=\u00a0\u00bb{}\u00a0\u00bb][et_pb_column type=\u00a0\u00bb4_4&Prime; _builder_version=\u00a0\u00bb4.17.4&Prime; _module_preset=\u00a0\u00bbdefault\u00a0\u00bb global_colors_info=\u00a0\u00bb{}\u00a0\u00bb][et_pb_text _builder_version=\u00a0\u00bb4.18.0&Prime; _module_preset=\u00a0\u00bbdefault\u00a0\u00bb text_font_size=\u00a0\u00bb16px\u00a0\u00bb width=\u00a0\u00bb80%\u00a0\u00bb module_alignment=\u00a0\u00bbcenter\u00a0\u00bb global_colors_info=\u00a0\u00bb{}\u00a0\u00bb]<\/p>\n<p>Le\u00a0<strong>gaspillage <\/strong><strong>alimentaire <\/strong>est l&rsquo;un des plus grands probl\u00e8mes actuels, non seulement en raison du <strong>gaspillage de nourriture<\/strong> qu&rsquo;il repr\u00e9sente, mais aussi de <strong>l&#8217;empreinte environnementale qu&rsquo;il g\u00e9n\u00e8re.<\/strong><\/p>\n<p>Pour cette raison, de plus en plus, les consommateurs et les professionnels de la restauration ont tendance \u00e0 <strong>r\u00e9utiliser les exc\u00e9dents alimentaires<\/strong> pour cr\u00e9er de <strong>nouveaux plats, \u00e0 la fois pour des raisons d&rsquo;\u00e9conomie et pour de<\/strong><strong>s raisons d&rsquo;environnement, ce qui entra\u00eene l&rsquo;essor des aliments \u00ab super-recycl\u00e9s \u00bb, c&rsquo;est-\u00e0-dire des aliments qui peuvent contribuer \u00e0 r\u00e9duire les d\u00e9chets et le gaspillage alimentaire, c&rsquo;est-\u00e0-dire, les aliments qui peuvent contribuer \u00e0 r\u00e9duire les d\u00e9chets et le gaspillage alimentaire.<\/strong><\/p>\n<p>Cette tendance nous pousse tous \u00e0 nous r\u00e9inventer et \u00e0 d\u00e9couvrir de nouveaux usages des aliments, ainsi qu&rsquo;\u00e0 <strong>r\u00e9duire <\/strong><strong>les co\u00fbts et d\u00e9chets, <\/strong>\u00a0et \u00e0 optimiser chaque produit <strong>en r\u00e9duisant notre empreinte environnementale. <\/strong>\u00a0Nos portefeuilles, mais aussi la <strong>plan\u00e8te<\/strong>, nous en seront sans doute reconnaissants.<\/p>\n<p>Dans ce contexte, nous pouvons dire que les <strong>produits laitiers<\/strong> sont purement <strong>une cuisine d<\/strong><strong>\u2019usage<\/strong>. D\u2019une part, parce qu\u2019il n\u2019y a pratiquement aucun d\u00e9chet et, d\u2019autre part , parce que gr\u00e2ce \u00e0 leur \u00e9norme <strong>polyvalence<\/strong> et au fait qu&rsquo;ils se combinent parfaitement avec toutes sortes de saveurs et d&rsquo;ingr\u00e9dients, vous pouvez les associer \u00e0 n&rsquo;importe quel aliment de votre garde-manger ou de votre r\u00e9frig\u00e9rateur pour pr\u00e9parer des plats savoureux et sains en quelques minutes.<\/p>\n<p>Ainsi, chaque fois que vous consommez des <strong>produits laitiers, vous contribuez \u00e0 r\u00e9duire le gaspillage alimentaire.<\/strong><\/p>\n<p>[\/et_pb_text][\/et_pb_column][\/et_pb_row][\/et_pb_section][et_pb_section fb_built=\u00a0\u00bb1&Prime; _builder_version=\u00a0\u00bb4.18.0&Prime; _module_preset=\u00a0\u00bbdefault\u00a0\u00bb background_image=\u00a0\u00bbhttps:\/\/sostenibilidad.cuentaconloslacteos.eu\/wp-content\/uploads\/2022\/09\/footer_laitiers_fr.png\u00a0\u00bb height=\u00a0\u00bb690px\u00a0\u00bb custom_margin=\u00a0\u00bb||-180px||false|false\u00a0\u00bb custom_margin_tablet=\u00a0\u00bb||0px||false|false\u00a0\u00bb custom_margin_phone=\u00a0\u00bb||600px||false|false\u00a0\u00bb custom_margin_last_edited=\u00a0\u00bbon|tablet\u00a0\u00bb custom_padding=\u00a0\u00bb||||false|false\u00a0\u00bb global_colors_info=\u00a0\u00bb{}\u00a0\u00bb][et_pb_row column_structure=\u00a0\u00bb1_4,1_4,1_4,1_4&Prime; use_custom_gutter=\u00a0\u00bbon\u00a0\u00bb gutter_width=\u00a0\u00bb2&Prime; _builder_version=\u00a0\u00bb4.17.4&Prime; _module_preset=\u00a0\u00bbdefault\u00a0\u00bb width=\u00a0\u00bb70%\u00a0\u00bb module_alignment=\u00a0\u00bbcenter\u00a0\u00bb custom_margin=\u00a0\u00bb0px||||false|false\u00a0\u00bb global_colors_info=\u00a0\u00bb{}\u00a0\u00bb][et_pb_column type=\u00a0\u00bb1_4&Prime; _builder_version=\u00a0\u00bb4.17.4&Prime; _module_preset=\u00a0\u00bbdefault\u00a0\u00bb global_colors_info=\u00a0\u00bb{}\u00a0\u00bb][et_pb_image src=\u00a0\u00bbhttps:\/\/sostenibilidad.cuentaconloslacteos.eu\/wp-content\/uploads\/2022\/09\/button_nutrition_fr.jpg\u00a0\u00bb title_text=\u00a0\u00bbbutton_nutrition_fr\u00a0\u00bb url=\u00a0\u00bb@ET-DC@eyJkeW5hbWljIjp0cnVlLCJjb250ZW50IjoicG9zdF9saW5rX3VybF9wYWdlIiwic2V0dGluZ3MiOnsicG9zdF9pZCI6IjI3NyJ9fQ==@\u00a0\u00bb _builder_version=\u00a0\u00bb4.18.0&Prime; _dynamic_attributes=\u00a0\u00bburl\u00a0\u00bb _module_preset=\u00a0\u00bbdefault\u00a0\u00bb global_colors_info=\u00a0\u00bb{}\u00a0\u00bb][\/et_pb_image][\/et_pb_column][et_pb_column type=\u00a0\u00bb1_4&Prime; _builder_version=\u00a0\u00bb4.17.4&Prime; _module_preset=\u00a0\u00bbdefault\u00a0\u00bb global_colors_info=\u00a0\u00bb{}\u00a0\u00bb][et_pb_image src=\u00a0\u00bbhttps:\/\/sostenibilidad.cuentaconloslacteos.eu\/wp-content\/uploads\/2022\/09\/button_bien_etre_fr.jpg\u00a0\u00bb title_text=\u00a0\u00bbbutton_bien_etre_fr\u00a0\u00bb url=\u00a0\u00bb@ET-DC@eyJkeW5hbWljIjp0cnVlLCJjb250ZW50IjoicG9zdF9saW5rX3VybF9wYWdlIiwic2V0dGluZ3MiOnsicG9zdF9pZCI6IjI3MSJ9fQ==@\u00a0\u00bb _builder_version=\u00a0\u00bb4.18.0&Prime; _dynamic_attributes=\u00a0\u00bburl\u00a0\u00bb _module_preset=\u00a0\u00bbdefault\u00a0\u00bb global_colors_info=\u00a0\u00bb{}\u00a0\u00bb][\/et_pb_image][\/et_pb_column][et_pb_column type=\u00a0\u00bb1_4&Prime; _builder_version=\u00a0\u00bb4.17.4&Prime; _module_preset=\u00a0\u00bbdefault\u00a0\u00bb global_colors_info=\u00a0\u00bb{}\u00a0\u00bb][et_pb_image src=\u00a0\u00bbhttps:\/\/sostenibilidad.cuentaconloslacteos.eu\/wp-content\/uploads\/2022\/09\/button_environnement_fr.jpg\u00a0\u00bb title_text=\u00a0\u00bbbutton_environnement_fr\u00a0\u00bb url=\u00a0\u00bb@ET-DC@eyJkeW5hbWljIjp0cnVlLCJjb250ZW50IjoicG9zdF9saW5rX3VybF9wYWdlIiwic2V0dGluZ3MiOnsicG9zdF9pZCI6IjI4NiJ9fQ==@\u00a0\u00bb _builder_version=\u00a0\u00bb4.18.0&Prime; _dynamic_attributes=\u00a0\u00bburl\u00a0\u00bb _module_preset=\u00a0\u00bbdefault\u00a0\u00bb global_colors_info=\u00a0\u00bb{}\u00a0\u00bb][\/et_pb_image][\/et_pb_column][et_pb_column type=\u00a0\u00bb1_4&Prime; _builder_version=\u00a0\u00bb4.17.4&Prime; _module_preset=\u00a0\u00bbdefault\u00a0\u00bb global_colors_info=\u00a0\u00bb{}\u00a0\u00bb][et_pb_image src=\u00a0\u00bbhttps:\/\/sostenibilidad.cuentaconloslacteos.eu\/wp-content\/uploads\/2022\/09\/button_role_dans_leconomia_fr.jpg\u00a0\u00bb title_text=\u00a0\u00bbbutton_role_dans_leconomia_fr\u00a0\u00bb url=\u00a0\u00bb@ET-DC@eyJkeW5hbWljIjp0cnVlLCJjb250ZW50IjoicG9zdF9saW5rX3VybF9wYWdlIiwic2V0dGluZ3MiOnsicG9zdF9pZCI6IjI4MyJ9fQ==@\u00a0\u00bb _builder_version=\u00a0\u00bb4.18.0&Prime; _dynamic_attributes=\u00a0\u00bburl\u00a0\u00bb _module_preset=\u00a0\u00bbdefault\u00a0\u00bb global_colors_info=\u00a0\u00bb{}\u00a0\u00bb][\/et_pb_image][\/et_pb_column][\/et_pb_row][\/et_pb_section]<\/p>\n","protected":false},"excerpt":{"rendered":"<p>\u00c9VITER LE GASPILLAGE ALIMENTAIRE \u00c7A COMPTELe\u00a0gaspillage alimentaire est l&rsquo;un des plus grands probl\u00e8mes actuels, non seulement en raison du gaspillage de nourriture qu&rsquo;il repr\u00e9sente, mais aussi de l&#8217;empreinte environnementale qu&rsquo;il g\u00e9n\u00e8re. Pour cette raison, de plus en plus, les consommateurs et les professionnels de la restauration ont tendance \u00e0 r\u00e9utiliser les exc\u00e9dents alimentaires pour cr\u00e9er [&hellip;]<\/p>\n","protected":false},"author":1,"featured_media":0,"parent":6182,"menu_order":5,"comment_status":"closed","ping_status":"closed","template":"","meta":{"_et_pb_use_builder":"on","_et_pb_old_content":"","_et_gb_content_width":"","footnotes":""},"class_list":["post-6243","page","type-page","status-publish","hentry"],"_links":{"self":[{"href":"https:\/\/sostenibilidad.cuentaconloslacteos.eu\/fr\/wp-json\/wp\/v2\/pages\/6243","targetHints":{"allow":["GET"]}}],"collection":[{"href":"https:\/\/sostenibilidad.cuentaconloslacteos.eu\/fr\/wp-json\/wp\/v2\/pages"}],"about":[{"href":"https:\/\/sostenibilidad.cuentaconloslacteos.eu\/fr\/wp-json\/wp\/v2\/types\/page"}],"author":[{"embeddable":true,"href":"https:\/\/sostenibilidad.cuentaconloslacteos.eu\/fr\/wp-json\/wp\/v2\/users\/1"}],"replies":[{"embeddable":true,"href":"https:\/\/sostenibilidad.cuentaconloslacteos.eu\/fr\/wp-json\/wp\/v2\/comments?post=6243"}],"version-history":[{"count":5,"href":"https:\/\/sostenibilidad.cuentaconloslacteos.eu\/fr\/wp-json\/wp\/v2\/pages\/6243\/revisions"}],"predecessor-version":[{"id":6504,"href":"https:\/\/sostenibilidad.cuentaconloslacteos.eu\/fr\/wp-json\/wp\/v2\/pages\/6243\/revisions\/6504"}],"up":[{"embeddable":true,"href":"https:\/\/sostenibilidad.cuentaconloslacteos.eu\/fr\/wp-json\/wp\/v2\/pages\/6182"}],"wp:attachment":[{"href":"https:\/\/sostenibilidad.cuentaconloslacteos.eu\/fr\/wp-json\/wp\/v2\/media?parent=6243"}],"curies":[{"name":"wp","href":"https:\/\/api.w.org\/{rel}","templated":true}]}}