{"id":6356,"date":"2022-06-10T11:13:50","date_gmt":"2022-06-10T11:13:50","guid":{"rendered":"https:\/\/cuentaconloslacteos.eu\/politique-de-cookies\/"},"modified":"2022-10-20T11:34:37","modified_gmt":"2022-10-20T11:34:37","slug":"politique-de-cookies","status":"publish","type":"page","link":"https:\/\/sostenibilidad.cuentaconloslacteos.eu\/fr\/politique-de-cookies\/","title":{"rendered":"Politique de Cookies"},"content":{"rendered":"<p>[et_pb_section fb_built=\u00a0\u00bb1&Prime; _builder_version=\u00a0\u00bb4.17.4&Prime; _module_preset=\u00a0\u00bbdefault\u00a0\u00bb global_colors_info=\u00a0\u00bb{}\u00a0\u00bb][et_pb_row _builder_version=\u00a0\u00bb4.17.4&Prime; _module_preset=\u00a0\u00bbdefault\u00a0\u00bb global_colors_info=\u00a0\u00bb{}\u00a0\u00bb][et_pb_column type=\u00a0\u00bb4_4&Prime; _builder_version=\u00a0\u00bb4.17.4&Prime; _module_preset=\u00a0\u00bbdefault\u00a0\u00bb global_colors_info=\u00a0\u00bb{}\u00a0\u00bb][et_pb_text _builder_version=\u00a0\u00bb4.18.0&Prime; _module_preset=\u00a0\u00bbdefault\u00a0\u00bb text_font_size=\u00a0\u00bb16px\u00a0\u00bb hover_enabled=\u00a0\u00bb0&Prime; global_colors_info=\u00a0\u00bb{}\u00a0\u00bb sticky_enabled=\u00a0\u00bb0&Prime;]<\/p>\n<h1><strong>POLITIQUE DES COOKIES<\/strong><\/h1>\n<p>Un cookie est un fichier qui se t\u00e9l\u00e9charge sur votre ordinateur lorsque vous acc\u00e9dez \u00e0 certains sites internet. Les cookies permettent \u00e0 un site web, entre autres, de stocker et de r\u00e9cup\u00e9rer des informations sur les habitudes de navigation d\u2019un utilisateur ou de son ordinateur. Selon les informations qu\u2019ils contiennent et la fa\u00e7on dont vous utilisez votre ordinateur, ils peuvent \u00eatre utilis\u00e9s pour reconna\u00eetre l\u2019utilisateur. Le navigateur de l\u2019utilisateur ne m\u00e9morise les cookies sur le disque dur que pendant la session en cours, occupant un espace de m\u00e9moire minimal et n\u2019endommageant pas l\u2019ordinateur. Les cookies ne contiennent aucune information personnelle sp\u00e9cifique et la plupart des cookies sont supprim\u00e9s du disque dur \u00e0 la fin de la session du navigateur (cookies dits de session).<\/p>\n<p>La plupart des navigateurs acceptent les cookies par d\u00e9faut et, ind\u00e9pendamment d\u2019eux, ils autorisent ou non les cookies temporaires ou stock\u00e9s dans les param\u00e8tres de s\u00e9curit\u00e9.<\/p>\n<p>Sans votre consentement explicite \u2014 par l\u2019activation des cookies dans votre navigateur \u2014\u00a0<a href=\"http:\/\/www.cuentaconloslacteos.eu\/\">www.cuentaconloslacteos.eu<\/a> n\u2019associera pas aux cookies les donn\u00e9es personnelles stock\u00e9es qui ont \u00e9t\u00e9 communiqu\u00e9es au moment de votre inscription ou de votre achat.<\/p>\n<h2><strong>Quels types de cookies sont utilis\u00e9s sur le site <\/strong><a href=\"http:\/\/www.cuentaconloslacteos.eu\/\">www.cuentaconloslacteos.eu<\/a>\u00a0<strong>?<\/strong><\/h2>\n<ul>\n<li><strong>Cookies techniques\u00a0: <\/strong>Ce sont ceux qui permettent \u00e0 l\u2019utilisateur de naviguer sur un site web, une plateforme ou une application et d\u2019utiliser les diff\u00e9rents services ou options qui s\u2019y trouvent comme, par exemple\u00a0: contr\u00f4ler le trafic et la communication des donn\u00e9es, identifier la session, acc\u00e9der \u00e0 des rubriques \u00e0 acc\u00e8s restreint, m\u00e9moriser les \u00e9l\u00e9ments d\u2019une commande, g\u00e9rer le processus d\u2019achat d\u2019une commande, faire une demande d\u2019inscription ou de participation \u00e0 un \u00e9v\u00e9nement, utiliser des \u00e9l\u00e9ments de s\u00e9curit\u00e9 pendant la navigation, stocker des contenus pour la diffusion de m\u00e9dias vid\u00e9o ou audio ou partager des contenus sur les r\u00e9seaux sociaux.<\/li>\n<li><strong>Cookies de personnalisation\u00a0: <\/strong>Ce sont les cookies qui permettent \u00e0 l\u2019utilisateur d\u2019acc\u00e9der au service avec certaines caract\u00e9ristiques g\u00e9n\u00e9rales pr\u00e9d\u00e9finies, en fonction d\u2019une s\u00e9rie de crit\u00e8res du terminal de l\u2019utilisateur, tels que la langue, le navigateur utilis\u00e9 pour l\u2019acc\u00e8s au service, la configuration r\u00e9gionale depuis laquelle on y acc\u00e8de, etc.<\/li>\n<li><strong>Cookies d\u2019analyse\u00a0: <\/strong>Il s\u2019agit de cookies, trait\u00e9s par nous ou par des tiers, qui permettent de quantifier le nombre d\u2019utilisateurs pour mesurer et analyser les statistiques d\u2019utilisation du service offert. Pour cela, votre navigation sur notre site est analys\u00e9e afin d\u2019am\u00e9liorer l\u2019offre de produits ou de services que nous proposons.<\/li>\n<li><strong>Cookies publicitaires\u00a0: <\/strong>Ce sont ceux qui, trait\u00e9s par nous ou par des tiers, nous permettent de g\u00e9rer le plus efficacement possible les espaces publicitaires du site, en adaptant le contenu de la publicit\u00e9 \u00e0 celui du service demand\u00e9 ou \u00e0 l\u2019utilisation que vous faites de notre site web. Pour ce faire, nous pouvons analyser vos habitudes de navigation sur Internet et vous montrer des publicit\u00e9s en relation avec votre profil de navigation.<\/li>\n<li><strong>Cookies de publicit\u00e9 comportementale\u00a0: <\/strong>Ces cookies permettent de g\u00e9rer, de la mani\u00e8re la plus efficace possible, les espaces publicitaires que, le cas \u00e9ch\u00e9ant, l\u2019\u00e9diteur a plac\u00e9s sur un site web, une application ou une plateforme \u00e0 partir desquels le service demand\u00e9 est fourni. Ces cookies stockent des informations sur le comportement des utilisateurs. Elles sont collect\u00e9es par l\u2019observation continue de leurs habitudes de navigation, ce qui permet de d\u00e9terminer un profil sp\u00e9cifique en vue d\u2019afficher des publicit\u00e9s bas\u00e9es sur ce dernier.<\/li>\n<\/ul>\n<p><strong>Cookies de tiers<\/strong><\/p>\n<p>Le site <a href=\"http:\/\/www.cuentaconloslacteos.eu\/\">www.cuentaconloslacteos.eu<\/a> peut faire appel aux services de tiers qui, au nom de <a href=\"http:\/\/www.cuentaconloslacteos.eu\/\">www.cuentaconloslacteos.eu<\/a>, collecte des informations \u00e0 des fins statistiques, d\u2019utilisation du site par l\u2019utilisateur et pour la prestation d\u2019autres services li\u00e9s \u00e0 l\u2019activit\u00e9 du site et autres services d\u2019internet.<\/p>\n<p>Ce site web utilise notamment Google Analytics, un service d\u2019analyse web fourni par Google, Inc. domicili\u00e9 aux \u00c9tats-Unis et dont le si\u00e8ge est situ\u00e9 au 1600 Amphitheatre Parkway, Mountain View, Californie\u00a094043. Afin de fournir ces services, ces tiers utilisent des cookies pour collecter des informations, y compris l\u2019adresse IP de l\u2019utilisateur. Informations qui seront transmises, trait\u00e9es et stock\u00e9es par Google selon les conditions d\u00e9crites sur le site Google.com. Ces informations pourront \u00e9galement \u00eatre transmises \u00e0 des tiers en cas d\u2019obligation l\u00e9gale ou lorsque ces tiers traitent ces informations pour le compte de Google.<\/p>\n<h2><strong>Cookies utilis\u00e9s par <\/strong><a href=\"http:\/\/www.cuentaconloslacteos.eu\/\">www.cuentaconloslacteos.eu<\/a><\/h2>\n<p><strong>Cookies du propri\u00e9taire\u00a0:<\/strong><\/p>\n<ul>\n<li><strong>NET_SessionId\u00a0<\/strong>: Ce cookie est utilis\u00e9 pour identifier la session ouverte entre votre navigateur et <a href=\"http:\/\/www.cuentaconloslacteos.eu\/\">www.cuentaconloslacteos.eu<\/a>. Il est automatiquement supprim\u00e9 chaque fois que le navigateur est ferm\u00e9.<\/li>\n<\/ul>\n<p><strong>Cookies de Tiers\u00a0:<\/strong><\/p>\n<ul>\n<li><strong>utma\u00a0<\/strong>: Utilis\u00e9 pour effectuer un suivi\u00a0: la premi\u00e8re visite, la derni\u00e8re visite, la visite actuelle et le nombre total de visites. Il expire 2 ans apr\u00e8s la derni\u00e8re mise \u00e0 jour.<\/li>\n<li><strong>utmb\u00a0<\/strong>: Utilis\u00e9 pour surveiller les visites des utilisateurs sur le site. Il expire 30 minutes apr\u00e8s la derni\u00e8re mise \u00e0 jour. Il est automatiquement supprim\u00e9 lorsque vous changez de site web ou fermez le navigateur. Il est utilis\u00e9 pour calculer le temps qu\u2019un utilisateur passe sur une page.<\/li>\n<li><strong>utmc\u00a0<\/strong>: Utilis\u00e9 pour suivre le statut de la session.<\/li>\n<li><strong>utmz\u00a0: <\/strong>Ce cookie r\u00e9alise un suivi du point d\u2019entr\u00e9e sur un site web, stocke la source de trafic, le support, la campagne publicitaire AdWords, le mot de recherche utilis\u00e9 pour acc\u00e9der au site web, la date et l\u2019heure actuelle, le nombre de sessions et les informations sur la campagne. Le cookie est mis \u00e0 jour \u00e0 chaque visite du site web. Il expire 6 mois apr\u00e8s la derni\u00e8re mise \u00e0 jour.<\/li>\n<\/ul>\n<p>L\u2019utilisateur accepte express\u00e9ment, en utilisant ce site, le traitement des informations collect\u00e9es de la mani\u00e8re et aux fins mentionn\u00e9es pr\u00e9c\u00e9demment. Il reconna\u00eet \u00e9galement \u00eatre inform\u00e9 de la facult\u00e9 de s\u2019opposer au traitement de ces donn\u00e9es ou informations en refusant l\u2019utilisation de cookies apr\u00e8s avoir param\u00e9tr\u00e9 son navigateur \u00e0 cet effet. Toutefois, cette option de blocage des cookies dans votre navigateur peut limiter certaines fonctionnalit\u00e9s du site web.<\/p>\n<p>Vous pouvez autoriser, bloquer ou supprimer les cookies install\u00e9s sur votre ordinateur en configurant les options du navigateur.<\/p>\n<p>Internet Explorer\u00a0:<\/p>\n<p>Version\u00a05\u00a0<a href=\"http:\/\/support.microsoft.com\/kb\/196955\/es\">http:\/\/support.microsoft.com\/kb\/196955\/es<\/a><\/p>\n<p>Version\u00a06\u00a0<a href=\"http:\/\/support.microsoft.com\/kb\/283185\/es\">http:\/\/support.microsoft.com\/kb\/283185\/es<\/a><\/p>\n<p>Version\u00a07 et 8\u00a0<a href=\"http:\/\/windows.microsoft.com\/es-ES\/windows-vista\/Block-or-allow-cookies\">http:\/\/windows.microsoft.com\/es-ES\/windows-vista\/Block-or-allow-cookies<\/a><\/p>\n<p>Version\u00a09\u00a0<a href=\"http:\/\/windows.microsoft.com\/es-ES\/windows7\/How-to-manage-cookies-in-Internet-Explorer-9\">http:\/\/windows.microsoft.com\/es-ES\/windows7\/How-to-manage-cookies-in-Internet-Explorer-9<\/a><\/p>\n<p>Safari\u00a0: http:\/\/support.apple.com\/kb\/PH5042?viewlocale=es_ES\u00a0<a href=\"http:\/\/support.apple.com\/kb\/HT1677?viewlocale=es_ES\">http:\/\/support.apple.com\/kb\/HT1677?viewlocale=es_ES<\/a><\/p>\n<p>Google\u00a0: <a href=\"https:\/\/support.google.com\/chrome\/answer\/95647?hl=es&amp;hlrm=en\">https:\/\/support.google.com\/chrome\/answer\/95647?hl=es&amp;hlrm=en<\/a><\/p>\n<p>Firefox\u00a0:\u00a0<a href=\"http:\/\/support.mozilla.org\/es\/kb\/cookies-informacion-que-los-sitios-web-guardan-en-?redirectlocale=en-US&amp;redirectslug=Cookies\">http:\/\/support.mozilla.org\/es\/kb\/cookies-informacion-que-los-sitios-web-guardan-en-?redirectlocale=en-US&amp;redirectslug=Cookies<\/a><\/p>\n<p>Opera :\u00a0<a href=\"http:\/\/help.opera.com\/Windows\/11.50\/es-ES\/cookies.html\">http:\/\/help.opera.com\/Windows\/11.50\/es-ES\/cookies.html<\/a><\/p>\n<p>Android\u00a0<a href=\"http:\/\/support.google.com\/android\/?hl=es\">http:\/\/support.google.com\/android\/?hl=es<\/a><\/p>\n<p>Windows Phone\u00a0<a href=\"http:\/\/www.windowsphone.com\/es-ES\/how-to\/wp7\/web\/changing-privacy-and-other-browser-settings\">http:\/\/www.windowsphone.com\/es-ES\/how-to\/wp7\/web\/changing-privacy-and-other-browser-settings<\/a><\/p>\n<p>Blackberry\u00a0<a href=\"http:\/\/docs.blackberry.com\/en\/smartphone_users\/deliverables\/18578\/Turn_off_cookies_in_the_browser_60_1072866_11.jsp\">http:\/\/docs.blackberry.com\/en\/smartphone_users\/deliverables\/18578\/Turn_off_cookies_in_the_browser_60_1072866_11.jsp<\/a><\/p>\n<p>Si vous avez des questions sur cette politique des cookies, contactez-nous via <a href=\"http:\/\/www.cuentaconloslacteos.eu\/\">www.cuentaconloslacteos.eu<\/a> ou par e-mail <a href=\"mailto:inlac@inlac.es\">inlac@inlac.es<\/a><\/p>\n<p>&nbsp;<\/p>\n<p>&nbsp;<\/p>\n<p><strong>\u00a0<\/strong><\/p>\n<p>[\/et_pb_text][\/et_pb_column][\/et_pb_row][\/et_pb_section]<\/p>\n","protected":false},"excerpt":{"rendered":"<p>POLITIQUE DES COOKIES Un cookie est un fichier qui se t\u00e9l\u00e9charge sur votre ordinateur lorsque vous acc\u00e9dez \u00e0 certains sites internet. Les cookies permettent \u00e0 un site web, entre autres, de stocker et de r\u00e9cup\u00e9rer des informations sur les habitudes de navigation d\u2019un utilisateur ou de son ordinateur. Selon les informations qu\u2019ils contiennent et la [&hellip;]<\/p>\n","protected":false},"author":1,"featured_media":0,"parent":0,"menu_order":0,"comment_status":"closed","ping_status":"closed","template":"","meta":{"_et_pb_use_builder":"on","_et_pb_old_content":"","_et_gb_content_width":"","footnotes":""},"class_list":["post-6356","page","type-page","status-publish","hentry"],"_links":{"self":[{"href":"https:\/\/sostenibilidad.cuentaconloslacteos.eu\/fr\/wp-json\/wp\/v2\/pages\/6356","targetHints":{"allow":["GET"]}}],"collection":[{"href":"https:\/\/sostenibilidad.cuentaconloslacteos.eu\/fr\/wp-json\/wp\/v2\/pages"}],"about":[{"href":"https:\/\/sostenibilidad.cuentaconloslacteos.eu\/fr\/wp-json\/wp\/v2\/types\/page"}],"author":[{"embeddable":true,"href":"https:\/\/sostenibilidad.cuentaconloslacteos.eu\/fr\/wp-json\/wp\/v2\/users\/1"}],"replies":[{"embeddable":true,"href":"https:\/\/sostenibilidad.cuentaconloslacteos.eu\/fr\/wp-json\/wp\/v2\/comments?post=6356"}],"version-history":[{"count":3,"href":"https:\/\/sostenibilidad.cuentaconloslacteos.eu\/fr\/wp-json\/wp\/v2\/pages\/6356\/revisions"}],"predecessor-version":[{"id":6697,"href":"https:\/\/sostenibilidad.cuentaconloslacteos.eu\/fr\/wp-json\/wp\/v2\/pages\/6356\/revisions\/6697"}],"wp:attachment":[{"href":"https:\/\/sostenibilidad.cuentaconloslacteos.eu\/fr\/wp-json\/wp\/v2\/media?parent=6356"}],"curies":[{"name":"wp","href":"https:\/\/api.w.org\/{rel}","templated":true}]}}